{"id":1312,"date":"2018-10-29T18:25:33","date_gmt":"2018-10-29T17:25:33","guid":{"rendered":"https:\/\/muehlingen.de\/wordpress_01\/?page_id=1312"},"modified":"2026-04-23T08:58:36","modified_gmt":"2026-04-23T06:58:36","slug":"trinkwasserqualitaet","status":"publish","type":"page","link":"https:\/\/muehlingen.de\/?page_id=1312","title":{"rendered":"Trinkwasserqualit\u00e4t"},"content":{"rendered":"<p><div class=\"fusion-fullwidth fullwidth-box fusion-builder-row-1 nonhundred-percent-fullwidth non-hundred-percent-height-scrolling fusion-equal-height-columns\" style=\"--awb-border-radius-top-left:0px;--awb-border-radius-top-right:0px;--awb-border-radius-bottom-right:0px;--awb-border-radius-bottom-left:0px;--awb-padding-top:0px;--awb-padding-right:0px;--awb-padding-bottom:0px;--awb-padding-left:0px;--awb-margin-top:0px;--awb-margin-bottom:0px;--awb-flex-wrap:wrap;\" ><div class=\"fusion-builder-row fusion-row\"><div class=\"fusion-layout-column fusion_builder_column fusion-builder-column-0 fusion_builder_column_1_1 1_1 fusion-one-full fusion-column-first fusion-column-last\" style=\"--awb-bg-size:cover;--awb-margin-bottom:0px;\"><div class=\"fusion-column-wrapper fusion-column-has-shadow fusion-flex-column-wrapper-legacy\"><div class=\"fusion-text fusion-text-1\"><h2>Quellen\/Brunnen und Versorgungsbereiche<\/h2>\n<\/div><div class=\"fusion-clearfix\"><\/div><\/div><\/div><\/div><\/div><div class=\"fusion-fullwidth fullwidth-box fusion-builder-row-2 nonhundred-percent-fullwidth non-hundred-percent-height-scrolling fusion-equal-height-columns\" style=\"--awb-border-radius-top-left:0px;--awb-border-radius-top-right:0px;--awb-border-radius-bottom-right:0px;--awb-border-radius-bottom-left:0px;--awb-padding-top:0px;--awb-padding-right:0px;--awb-padding-bottom:0px;--awb-padding-left:0px;--awb-margin-top:0px;--awb-margin-bottom:0px;--awb-flex-wrap:wrap;\" ><div class=\"fusion-builder-row fusion-row\"><div class=\"fusion-layout-column fusion_builder_column fusion-builder-column-1 fusion_builder_column_1_4 1_4 fusion-one-fourth fusion-column-first\" style=\"--awb-padding-top:5px;--awb-padding-right:5px;--awb-padding-bottom:5px;--awb-padding-left:5px;--awb-bg-color:#ffffff;--awb-bg-color-hover:#ffffff;--awb-bg-size:cover;--awb-margin-bottom:0px;width:22%; margin-right: 4%;\"><div class=\"fusion-column-wrapper fusion-column-has-shadow fusion-flex-column-wrapper-legacy\"><div class=\"fusion-text fusion-text-2\"><h3>Gerhardsbrunnen<\/h3>\n<p>Gallmannsweil &#8211; Gesamtdorf<br \/>\nMainwangen &#8211; Gesamtdorf<br \/>\nHecheln mit H\u00f6fen<br \/>\nFallentor<br \/>\nSchwackenreute &#8211; Dorf mit H\u00f6fen<br \/>\nAreal Bhf Schwackenreute<br \/>\nZoznegg &#8211; Hochzone (Halden\u00e4cker und Hochzone Oberdorf)<\/p>\n<\/div><div class=\"fusion-clearfix\"><\/div><\/div><\/div><div class=\"fusion-layout-column fusion_builder_column fusion-builder-column-2 fusion_builder_column_1_4 1_4 fusion-one-fourth\" style=\"--awb-padding-top:5px;--awb-padding-right:5px;--awb-padding-bottom:5px;--awb-padding-left:5px;--awb-bg-color:#ffffff;--awb-bg-color-hover:#ffffff;--awb-bg-size:cover;--awb-margin-bottom:0px;width:22%; margin-right: 4%;\"><div class=\"fusion-column-wrapper fusion-flex-column-wrapper-legacy\"><div class=\"fusion-text fusion-text-3\"><h3>Gerhardsbrunnen und\u00a0 Steinb\u00fchlquelle &#8211; Mischwasser<\/h3>\n<p>M\u00fchlingen &#8211; Dorf mit M\u00fchlweiler<br \/>\nBerenberg einschl. Wolfholzer Hof<br \/>\nZoznegg &#8211; Bahnhofstra\u00dfe Kirche bis Ortsende<\/p>\n<\/div><div class=\"fusion-clearfix\"><\/div><\/div><\/div><div class=\"fusion-layout-column fusion_builder_column fusion-builder-column-3 fusion_builder_column_1_4 1_4 fusion-one-fourth\" style=\"--awb-padding-top:5px;--awb-padding-right:5px;--awb-padding-bottom:5px;--awb-padding-left:5px;--awb-bg-color:#ffffff;--awb-bg-color-hover:#ffffff;--awb-bg-size:cover;--awb-margin-bottom:0px;width:22%; margin-right: 4%;\"><div class=\"fusion-column-wrapper fusion-flex-column-wrapper-legacy\"><div class=\"fusion-text fusion-text-4\"><h3>Weiherbach- und Brunnentobelbachquelle (Bergholz) &#8211; Mischwasser<\/h3>\n<p>Zoznegg &#8211; Dorf ohne Hochzone<\/p>\n<\/div><div class=\"fusion-clearfix\"><\/div><\/div><\/div><div class=\"fusion-layout-column fusion_builder_column fusion-builder-column-4 fusion_builder_column_1_4 1_4 fusion-one-fourth fusion-column-last\" style=\"--awb-padding-top:5px;--awb-padding-right:5px;--awb-padding-bottom:5px;--awb-padding-left:5px;--awb-bg-color:#ffffff;--awb-bg-color-hover:#ffffff;--awb-bg-size:cover;--awb-margin-bottom:0px;width:22%;\"><div class=\"fusion-column-wrapper fusion-flex-column-wrapper-legacy\"><div class=\"fusion-text fusion-text-5\"><h3>Geigesh\u00f6fbrunnen<\/h3>\n<p>Geigesh\u00f6fe<br \/>\nSch\u00fctzenhaus<\/p>\n<p>Der Brunnen wurde 2022 vom Netz genommen.<\/p>\n<p>Der Bereich Geigesh\u00f6fe wird durch eine Druckerh\u00f6hungsanlage am Sportplatz Zoznegg versorgt.<\/p>\n<p>Das Trinkwasser wird aus dem Gesamttrinkwassernetz entnommen.<\/p>\n<\/div><div class=\"fusion-clearfix\"><\/div><\/div><\/div><\/div><\/div><div class=\"fusion-fullwidth fullwidth-box fusion-builder-row-3 nonhundred-percent-fullwidth non-hundred-percent-height-scrolling\" style=\"--awb-border-radius-top-left:0px;--awb-border-radius-top-right:0px;--awb-border-radius-bottom-right:0px;--awb-border-radius-bottom-left:0px;--awb-flex-wrap:wrap;\" ><div class=\"fusion-builder-row fusion-row\"><div class=\"fusion-layout-column fusion_builder_column fusion-builder-column-5 fusion_builder_column_1_1 1_1 fusion-one-full fusion-column-first fusion-column-last\" style=\"--awb-bg-size:cover;--awb-margin-top:100px;--awb-margin-bottom:0px;\"><div class=\"fusion-column-wrapper fusion-column-has-shadow fusion-flex-column-wrapper-legacy\"><div class=\"fusion-text fusion-text-6\"><h2>Wichtige Werte: Untersuchungszeitraum 2026 (Stand: 25.03.2026)<\/h2>\n<p>Die Werte der Wasserversorgung der Gemeinde M\u00fchlingen sind erfreulicherweise \u00fcber Jahre stabil und liegen immer unter den gesetzlichen Grenzwerten. Das Trinkwasser kann damit unbedenklich zum Verzehr genutzt werden. Bitte achten Sie aber, dass die Gemeinde das Hauptnetz \u00fcberwacht und nicht ab der \u00dcbergabe in Ihr Haus.<\/p>\n<\/div><div class=\"fusion-clearfix\"><\/div><\/div><\/div><\/div><\/div><div class=\"fusion-fullwidth fullwidth-box fusion-builder-row-4 nonhundred-percent-fullwidth non-hundred-percent-height-scrolling\" style=\"--awb-border-radius-top-left:0px;--awb-border-radius-top-right:0px;--awb-border-radius-bottom-right:0px;--awb-border-radius-bottom-left:0px;--awb-padding-right:581px;--awb-flex-wrap:wrap;\" ><div class=\"fusion-builder-row fusion-row\"><div class=\"fusion-layout-column fusion_builder_column fusion-builder-column-6 fusion_builder_column_1_1 1_1 fusion-one-full fusion-column-first fusion-column-last\" style=\"--awb-padding-top:10px;--awb-padding-right:10px;--awb-padding-bottom:10px;--awb-padding-left:10px;--awb-bg-color:#ffffff;--awb-bg-color-hover:#ffffff;--awb-bg-size:cover;--awb-margin-bottom:0px;\"><div class=\"fusion-column-wrapper fusion-column-has-shadow fusion-flex-column-wrapper-legacy\">\n<div class=\"table-2\">\n<table width=\"100%\">\n<tbody>\n<tr>\n<td align=\"left\">Wasserh\u00e4rte<\/td>\n<td align=\"left\">\u00b0dH 16,7 \u2013 16,9<\/td>\n<\/tr>\n<tr>\n<td align=\"left\">H\u00e4rtebereich<\/td>\n<td align=\"left\">hart<\/td>\n<\/tr>\n<tr>\n<td align=\"left\">Nitrat NO3<\/td>\n<td align=\"left\">15 bis 22 mg\/l (Grenzwert 50)<\/td>\n<\/tr>\n<tr>\n<td align=\"left\">Ph-Wert (bei Probennahme)<\/td>\n<td align=\"left\">7,45 \u2013 7,5<\/td>\n<\/tr>\n<\/tbody>\n<\/table>\n<\/div>\n<div class=\"fusion-clearfix\"><\/div><\/div><\/div><\/div><\/div><div class=\"fusion-fullwidth fullwidth-box fusion-builder-row-5 nonhundred-percent-fullwidth non-hundred-percent-height-scrolling\" style=\"--awb-border-radius-top-left:0px;--awb-border-radius-top-right:0px;--awb-border-radius-bottom-right:0px;--awb-border-radius-bottom-left:0px;--awb-margin-top:0px;--awb-margin-bottom:0px;--awb-flex-wrap:wrap;\" ><div class=\"fusion-builder-row fusion-row\"><div class=\"fusion-layout-column fusion_builder_column fusion-builder-column-7 fusion_builder_column_1_1 1_1 fusion-one-full fusion-column-first fusion-column-last\" style=\"--awb-bg-blend:overlay;--awb-bg-size:cover;--awb-margin-top:100px;--awb-margin-bottom:0px;\"><div class=\"fusion-column-wrapper fusion-flex-column-wrapper-legacy\"><div class=\"fusion-text fusion-text-7\"><h2>Trinkwasser \u2013 Verunreinigung melden<\/h2>\n<\/div><div class=\"fusion-clearfix\"><\/div><\/div><\/div><\/div><\/div><div class=\"fusion-fullwidth fullwidth-box fusion-builder-row-6 nonhundred-percent-fullwidth non-hundred-percent-height-scrolling\" style=\"--awb-border-radius-top-left:0px;--awb-border-radius-top-right:0px;--awb-border-radius-bottom-right:0px;--awb-border-radius-bottom-left:0px;--awb-padding-right:580.99px;--awb-margin-top:0px;--awb-margin-bottom:0px;--awb-flex-wrap:wrap;\" ><div class=\"fusion-builder-row fusion-row\"><div class=\"fusion-layout-column fusion_builder_column fusion-builder-column-8 fusion_builder_column_1_1 1_1 fusion-one-full fusion-column-first fusion-column-last\" style=\"--awb-padding-top:10px;--awb-padding-right:10px;--awb-padding-bottom:10px;--awb-padding-left:10px;--awb-bg-color:#ffffff;--awb-bg-color-hover:#ffffff;--awb-bg-size:cover;--awb-margin-bottom:0px;\"><div class=\"fusion-column-wrapper fusion-flex-column-wrapper-legacy\"><div class=\"fusion-text fusion-text-8\"><p>Stadtwerke Stockach (Betriebsbetreuung)<br \/>\n<strong>07771 \/ 915-430<\/strong><br \/>\nSt\u00f6rungsnummer au\u00dferhalb der Dienststunden<br \/>\n07771 \/ 915-222<\/p>\n<p>von Glan Birgit \u2013 Hauptamtsleitung<br \/>\nHauptamt@muehlingen.de<br \/>\n07775-9303-15<\/p>\n<p>Scigliano Thorsten \u2013 B\u00fcrgermeister<br \/>\nBuergermeister@muehlingen.de<br \/>\n07775-9303-12<\/p>\n<\/div><div class=\"fusion-clearfix\"><\/div><\/div><\/div><\/div><\/div><div class=\"fusion-fullwidth fullwidth-box fusion-builder-row-7 nonhundred-percent-fullwidth non-hundred-percent-height-scrolling\" style=\"--awb-border-radius-top-left:0px;--awb-border-radius-top-right:0px;--awb-border-radius-bottom-right:0px;--awb-border-radius-bottom-left:0px;--awb-padding-top:0px;--awb-padding-right:0px;--awb-padding-bottom:0px;--awb-padding-left:0px;--awb-margin-top:0px;--awb-margin-bottom:0px;--awb-flex-wrap:wrap;\" ><div class=\"fusion-builder-row fusion-row\"><div class=\"fusion-layout-column fusion_builder_column fusion-builder-column-9 fusion_builder_column_1_1 1_1 fusion-one-full fusion-column-first fusion-column-last\" style=\"--awb-bg-blend:overlay;--awb-bg-size:cover;--awb-margin-top:100px;--awb-margin-bottom:0px;\"><div class=\"fusion-column-wrapper fusion-flex-column-wrapper-legacy\"><div class=\"fusion-text fusion-text-9\"><div class=\"cCore_block\">\n<h2>Trinkwasser\u00fcberwachung<\/h2>\n<\/div>\n<\/div><div class=\"fusion-clearfix\"><\/div><\/div><\/div><\/div><\/div><div class=\"fusion-fullwidth fullwidth-box fusion-builder-row-8 nonhundred-percent-fullwidth non-hundred-percent-height-scrolling\" style=\"--awb-border-radius-top-left:0px;--awb-border-radius-top-right:0px;--awb-border-radius-bottom-right:0px;--awb-border-radius-bottom-left:0px;--awb-margin-top:0px;--awb-margin-bottom:0px;--awb-flex-wrap:wrap;\" ><div class=\"fusion-builder-row fusion-row\"><div class=\"fusion-layout-column fusion_builder_column fusion-builder-column-10 fusion_builder_column_1_1 1_1 fusion-one-full fusion-column-first fusion-column-last\" style=\"--awb-padding-top:10px;--awb-padding-right:10px;--awb-padding-bottom:10px;--awb-padding-left:10px;--awb-bg-color:#fff;--awb-bg-color-hover:#fff;--awb-bg-size:cover;\"><div class=\"fusion-column-wrapper fusion-flex-column-wrapper-legacy\"><div class=\"fusion-text fusion-text-10\"><div class=\"cCore_block\">\n<ul>\n<li><a href=\"http:\/\/mlr.baden-wuerttemberg.de\/de\/unsere-themen\/verbraucherschutz\/lebensmittel-und-produktsicherheit\/trinkwasserkontrolle\/\" target=\"_blank\" rel=\"noopener\">Themenseite &#8222;Trinkwasserkontrolle&#8220;<\/a>\u00a0&#8211; Trinkwasser\u00fcberwachung &#8211; Ministerium f\u00fcr L\u00e4ndlichen Raum und Verbraucherschutz<\/li>\n<li><a href=\"https:\/\/www.verbraucherportal-bw.de\/,Lde\/Startseite\/Verbraucherschutz\/Trinkwassersicherheit\" target=\"_blank\" rel=\"noopener\">Themenseite &#8222;Trinkwassersicherheit&#8220;<\/a>\u00a0&#8211; Verbraucherportal Baden-W\u00fcrttemberg<\/li>\n<li><a href=\"http:\/\/www.ua-bw.de\/pub\/beitrag.asp?ID=933&amp;subid=0&amp;Thema_ID=2&amp;lang=DE\" target=\"_blank\" rel=\"noopener\">Themenseite &#8222;Trinkwasser&#8220;<\/a>\u00a0&#8211; Chemische und Veterin\u00e4runtersuchungs\u00e4mter<\/li>\n<li><a href=\"https:\/\/www.gesundheitsamt-bw.de\/lga\/DE\/Seiten\/default.aspx\" target=\"_blank\" rel=\"noopener\">Landesgesundheitsamt Baden-W\u00fcrttemberg<\/a><\/li>\n<\/ul>\n<p>Weitere Informationen erhalten Sie bei dem\u00a0<a class=\"sp-m-externalLink\" href=\"https:\/\/www.gesundheitsamt-bw.de\/lga\/DE\/Startseite\/OEGD_BW\/Gesundheitsaemter\/Seiten\/default.aspx\" target=\"_blank\" rel=\"noopener\">Gesundheitsamt<\/a>, das f\u00fcr Sie beziehungsweise f\u00fcr die Liegenschaft zust\u00e4ndig ist.<\/p>\n<\/div>\n<div class=\"cCore_block\">\n<p>Leitungswasser hat in Deutschland Trinkwasserqualit\u00e4t. Es kann daher bedenkenlos getrunken oder f\u00fcr Lebensmittel genutzt werden.<\/p>\n<p><strong>Hinweis<\/strong>: Wasser sollte vor dem Trinken nicht mehr als etwa 4 Stunden in der Leitung \u201egestanden\u201c haben.. Lassen Sie vor allem morgens das Wasser etwas laufen, bis es konstant k\u00fchl aus der Leitung kommt.<\/p>\n<p>F\u00fcr die Reinheit und gesundheitliche Unbedenklichkeit sind die Wasserversorger verantwortlich. Die 38 Gesundheits\u00e4mter der Land- und Stadtkreise sowie das Landesgesundheitsamt (LGA) beraten sie und \u00fcberwachen die Einhaltung der strengen Qualit\u00e4tsstandards<\/p>\n<p>F\u00fcr kein Lebensmittel gelten vergleichbar niedrige Grenzwerte, kein Lebensmittel ist besser kontrolliert. Trinkwasser muss hinsichtlich Geschmack, Geruch und Aussehen einwandfrei sein. Es muss rein und genusstauglich sein. Es darf Krankheitserreger oder Stoffe nicht in Konzentrationen enthalten, die die menschliche Gesundheit gef\u00e4hrden k\u00f6nnen. Das gilt auch f\u00fcr zur Trinkwasseraufbereitung verwendete Hilfsstoffe wie zum Beispiel Chlor oder Ozon und ihre Reaktionsprodukte. F\u00fcr bestimmte Stoffe wie zum Beispiel Schwermetalle und Pflanzenschutzmittel gelten Grenzwerte. Diese d\u00fcrfen nicht \u00fcberschritten werden.<\/p>\n<p>Die Trinkwasserverordnung gibt den strengen Rahmen zur Sicherstellung der Trinkwasserqualit\u00e4t vor. F\u00fcr die Einhaltung dieser Vorschriften sind die Wasserversorgungsunternehmen verantwortlich. Sie m\u00fcssen durch eigene Kontrollen die Qualit\u00e4t des Trinkwassers \u00fcberpr\u00fcfen. Zus\u00e4tzlich werden unabh\u00e4ngig davon stichprobenartig amtliche \u00dcberwachungsuntersuchungen durch die Gesundheits\u00e4mter der Land- und Stadtkreise veranlasst.<\/p>\n<p><span class=\"sbw-langtext\"><strong>Achtung:<\/strong>\u00a0Die Qualit\u00e4t des Trinkwassers muss vom Verlassen des Wasserversorgungsunternehmens bis hin zum Wasserhahn gew\u00e4hrleistet sein. Das hei\u00dft, dass neben den Wasserversorgungsunternehmen auch Vermieterinnen und Vermieter sowie Hausbesitzerinnen und Hausbesitzer verantwortlich f\u00fcr die Trinkwasserqualit\u00e4t sind. Sie m\u00fcssen daf\u00fcr sorgen, dass die Qualit\u00e4t des vom Wasserversorger angelieferten einwandfreien Trinkwassers &#8222;nach der Wasseruhr&#8220; nicht durch veraltete oder besch\u00e4digte Rohre oder M\u00e4ngel beim Betrieb der Trinkwasserinstallation beeintr\u00e4chtigt wird.<\/span><\/p>\n<p><span class=\"sbw-langtext\">F\u00fcr Sie k\u00f6nnen Geruch, F\u00e4rbung, Tr\u00fcbung und Geschmack wichtige Hinweise auf die Qualit\u00e4t des Trinkwassers sein.<\/span><\/p>\n<p><span class=\"sbw-langtext\"><strong>Wasserh\u00e4rte<\/strong><\/span><\/p>\n<p><span class=\"sbw-langtext\">Die Wasserh\u00e4rte h\u00e4ngt vom Gehalt an Calcium- und Magnesiumverbindungen im Wasser ab. Je h\u00f6her deren Gehalt ist, desto h\u00e4rter ist das Wasser. Hartes Wasser f\u00fchrt zur Verkalkung von Haushaltsger\u00e4ten, erh\u00f6ht den Verbrauch von Sp\u00fcl- und Waschmitteln, wirkt sich aber positiv auf den Geschmack des Wassers aus.<\/span><\/p>\n<p><span class=\"sbw-langtext\">Die H\u00e4rte des Trinkwassers ist kein Parameter, f\u00fcr den es in der Trinkwasserverordnung einen h\u00f6chstzul\u00e4ssigen Grenzwert gibt. Laut einer Norm sollte Trinkwasser unter anderem einen gewissen Mindestgehalt an Calcium aufweisen, deren Gehalt sollte jedoch nicht so hoch sein, dass der Gebrauch des Trinkwassers f\u00fcr die \u00fcblichen technischen Zwecke im Haushalt unverh\u00e4ltnism\u00e4\u00dfig stark beeintr\u00e4chtigt wird.<\/span><\/p>\n<p><span class=\"sbw-langtext\">In Baden-W\u00fcrttemberg geben die Wasserversorger selbst innerhalb einer Kommune h\u00e4ufig Wasser unterschiedlicher H\u00e4rte an ihre Kunden ab. Das h\u00e4ngt von der Verf\u00fcgbarkeit des Wassers durch zum Beispiel eigene Brunnen oder die Anbindung an eine Fernwasserversorgung ab. Die Wasserh\u00e4rte k\u00f6nnen B\u00fcrgerinnen und B\u00fcrger bei ihrem jeweiligen Wasserversorger erfragen. Teilweise ist sie auf den Internetseiten des Versorgers ver\u00f6ffentlicht oder sie steht in der j\u00e4hrlichen Wasserabrechnung.<\/span><\/p>\n<p><span class=\"sbw-langtext\"><strong>Hinweis:<\/strong>\u00a0Wenn Sie den Verdacht haben, dass mit Ihrem Trinkwasser etwas nicht in Ordnung ist, sollten Sie sich mit Ihrem Wasserversorgungsunternehmen oder Ihrem Gesundheitsamt in Verbindung setzen.<\/span><\/p>\n<\/div>\n<\/div><div class=\"fusion-clearfix\"><\/div><\/div><\/div><\/div><\/div><\/p>\n","protected":false},"excerpt":{"rendered":"","protected":false},"author":1,"featured_media":0,"parent":0,"menu_order":0,"comment_status":"closed","ping_status":"closed","template":"","meta":{"footnotes":""},"class_list":["post-1312","page","type-page","status-publish","hentry"],"publishpress_future_action":{"enabled":false,"date":"2026-05-07 23:29:05","action":"change-status","newStatus":"draft","terms":[],"taxonomy":"","extraData":[]},"publishpress_future_workflow_manual_trigger":{"enabledWorkflows":[]},"_links":{"self":[{"href":"https:\/\/muehlingen.de\/index.php?rest_route=\/wp\/v2\/pages\/1312","targetHints":{"allow":["GET"]}}],"collection":[{"href":"https:\/\/muehlingen.de\/index.php?rest_route=\/wp\/v2\/pages"}],"about":[{"href":"https:\/\/muehlingen.de\/index.php?rest_route=\/wp\/v2\/types\/page"}],"author":[{"embeddable":true,"href":"https:\/\/muehlingen.de\/index.php?rest_route=\/wp\/v2\/users\/1"}],"replies":[{"embeddable":true,"href":"https:\/\/muehlingen.de\/index.php?rest_route=%2Fwp%2Fv2%2Fcomments&post=1312"}],"version-history":[{"count":35,"href":"https:\/\/muehlingen.de\/index.php?rest_route=\/wp\/v2\/pages\/1312\/revisions"}],"predecessor-version":[{"id":8670,"href":"https:\/\/muehlingen.de\/index.php?rest_route=\/wp\/v2\/pages\/1312\/revisions\/8670"}],"wp:attachment":[{"href":"https:\/\/muehlingen.de\/index.php?rest_route=%2Fwp%2Fv2%2Fmedia&parent=1312"}],"curies":[{"name":"wp","href":"https:\/\/api.w.org\/{rel}","templated":true}]}}