{"id":1544,"date":"2018-11-09T12:09:27","date_gmt":"2018-11-09T11:09:27","guid":{"rendered":"https:\/\/muehlingen.de\/wordpress_01\/?page_id=1544"},"modified":"2018-11-09T12:09:27","modified_gmt":"2018-11-09T11:09:27","slug":"gastronomie","status":"publish","type":"page","link":"https:\/\/muehlingen.de\/?page_id=1544","title":{"rendered":"Gastronomie"},"content":{"rendered":"<div class=\"fusion-fullwidth fullwidth-box fusion-builder-row-1 nonhundred-percent-fullwidth non-hundred-percent-height-scrolling\" style=\"--awb-border-radius-top-left:0px;--awb-border-radius-top-right:0px;--awb-border-radius-bottom-right:0px;--awb-border-radius-bottom-left:0px;--awb-flex-wrap:wrap;\" ><div class=\"fusion-builder-row fusion-row\"><div class=\"fusion-layout-column fusion_builder_column fusion-builder-column-0 fusion_builder_column_1_1 1_1 fusion-one-full fusion-column-first fusion-column-last\" style=\"--awb-bg-size:cover;\"><div class=\"fusion-column-wrapper fusion-flex-column-wrapper-legacy\"><style type=\"text\/css\">.fusion-portfolio-wrapper#fusion-portfolio-1 .fusion-portfolio-content{ padding: 25px 25px 25px 25px; text-align: left; }<\/style><div class=\"fusion-recent-works fusion-portfolio-element fusion-portfolio fusion-portfolio-1 fusion-portfolio-grid fusion-portfolio-paging-pagination fusion-portfolio-five fusion-portfolio-boxed fusion-portfolio-text fusion-portfolio-equal-heights\" data-id=\"-rw-1\" data-columns=\"five\"><style type=\"text\/css\">.fusion-portfolio-1 .fusion-portfolio-wrapper .fusion-col-spacing{padding:10px;}<\/style><div class=\"fusion-portfolio-wrapper\" id=\"fusion-portfolio-1\" data-picturesize=\"auto\" data-pages=\"1\" style=\"margin:-10px;\"><article id=\"portfolio-1-post-1533\" class=\"fusion-portfolio-post gastronomie fusion-col-spacing post-1533\"><div class=\"fusion-portfolio-content-wrapper\" style=\"border:1px solid #ebeaea;border-bottom-width:3px;background-color:rgba(255,255,255,0);\"><span class=\"vcard rich-snippet-hidden\"><span class=\"fn\"><a href=\"https:\/\/muehlingen.de\/?author=1\" title=\"Beitr\u00e4ge von admin\" rel=\"author\">admin<\/a><\/span><\/span><span class=\"updated rich-snippet-hidden\">2021-04-24T22:26:33+02:00<\/span><div  class=\"fusion-image-wrapper\" aria-haspopup=\"true\">\n\t\t\t\t\t\t\t<a href=\"https:\/\/muehlingen.de\/?avada_portfolio=gasthaus-adler&portfolioCats=77\" aria-label=\"Gasthaus Adler\">\n\t\t\t\t\t\t\t<img decoding=\"async\" width=\"1000\" height=\"200\" src=\"https:\/\/muehlingen.de\/wordpress_01\/wp-content\/uploads\/Gaststaetten.jpg\" class=\"attachment-full size-full wp-post-image\" alt=\"Gaststaetten\" srcset=\"https:\/\/muehlingen.de\/wordpress_01\/wp-content\/uploads\/Gaststaetten-200x40.jpg 200w, https:\/\/muehlingen.de\/wordpress_01\/wp-content\/uploads\/Gaststaetten-400x80.jpg 400w, https:\/\/muehlingen.de\/wordpress_01\/wp-content\/uploads\/Gaststaetten-600x120.jpg 600w, https:\/\/muehlingen.de\/wordpress_01\/wp-content\/uploads\/Gaststaetten-800x160.jpg 800w, https:\/\/muehlingen.de\/wordpress_01\/wp-content\/uploads\/Gaststaetten.jpg 1000w\" sizes=\"(min-width: 2200px) 100vw, (min-width: 928px) 304px, (min-width: 856px) 380px, (min-width: 784px) 507px, (min-width: 712px) 784px, (min-width: 640px) 712px, \" \/>\t\t\t<\/a>\n\t\t\t\t\t\t\t<\/div>\n<div class=\"fusion-portfolio-content\" style=\"background-color:rgba(255,255,255,0);\"><h2 class=\"entry-title fusion-post-title\"><a href=\"https:\/\/muehlingen.de\/?avada_portfolio=gasthaus-adler&portfolioCats=77\" target=\"_blank\" rel=\"noopener noreferrer\">Gasthaus Adler<\/a><\/h2><div class=\"fusion-portfolio-meta\"><a href=\"https:\/\/muehlingen.de\/?portfolio_category=gastronomie\" rel=\"tag\">Gastronomie<\/a><\/div><div class=\"fusion-content-sep sep-single sep-solid\" style=\"border-color:#d6d6d6;\"><\/div><div class=\"fusion-post-content\"><p> Speisegastst\u00e4tte   gut b\u00fcrgerliche K\u00fcche gro\u00dfer Saal  <a href=\"https:\/\/muehlingen.de\/?avada_portfolio=gasthaus-adler\"> [...]<\/a><\/p><\/div><\/div><\/div><\/article><\/div><\/div><div class=\"fusion-clearfix\"><\/div><\/div><\/div><\/div><\/div>\n","protected":false},"excerpt":{"rendered":"","protected":false},"author":1,"featured_media":0,"parent":0,"menu_order":0,"comment_status":"closed","ping_status":"closed","template":"","meta":{"footnotes":""},"class_list":["post-1544","page","type-page","status-publish","hentry"],"publishpress_future_action":{"enabled":false,"date":"2026-05-09 01:35:35","action":"change-status","newStatus":"draft","terms":[],"taxonomy":"","extraData":[]},"publishpress_future_workflow_manual_trigger":{"enabledWorkflows":[]},"_links":{"self":[{"href":"https:\/\/muehlingen.de\/index.php?rest_route=\/wp\/v2\/pages\/1544","targetHints":{"allow":["GET"]}}],"collection":[{"href":"https:\/\/muehlingen.de\/index.php?rest_route=\/wp\/v2\/pages"}],"about":[{"href":"https:\/\/muehlingen.de\/index.php?rest_route=\/wp\/v2\/types\/page"}],"author":[{"embeddable":true,"href":"https:\/\/muehlingen.de\/index.php?rest_route=\/wp\/v2\/users\/1"}],"replies":[{"embeddable":true,"href":"https:\/\/muehlingen.de\/index.php?rest_route=%2Fwp%2Fv2%2Fcomments&post=1544"}],"version-history":[{"count":3,"href":"https:\/\/muehlingen.de\/index.php?rest_route=\/wp\/v2\/pages\/1544\/revisions"}],"predecessor-version":[{"id":1549,"href":"https:\/\/muehlingen.de\/index.php?rest_route=\/wp\/v2\/pages\/1544\/revisions\/1549"}],"wp:attachment":[{"href":"https:\/\/muehlingen.de\/index.php?rest_route=%2Fwp%2Fv2%2Fmedia&parent=1544"}],"curies":[{"name":"wp","href":"https:\/\/api.w.org\/{rel}","templated":true}]}}