{"id":3125,"date":"2019-12-04T11:36:57","date_gmt":"2019-12-04T10:36:57","guid":{"rendered":"https:\/\/muehlingen.de\/?page_id=3125"},"modified":"2020-01-17T11:27:58","modified_gmt":"2020-01-17T10:27:58","slug":"cookie-erklaerung","status":"publish","type":"page","link":"https:\/\/muehlingen.de\/?page_id=3125","title":{"rendered":"Cookie-Erkl\u00e4rung"},"content":{"rendered":"<div class=\"fusion-fullwidth fullwidth-box fusion-builder-row-1 nonhundred-percent-fullwidth non-hundred-percent-height-scrolling\" style=\"--awb-border-radius-top-left:0px;--awb-border-radius-top-right:0px;--awb-border-radius-bottom-right:0px;--awb-border-radius-bottom-left:0px;--awb-flex-wrap:wrap;\" ><div class=\"fusion-builder-row fusion-row\"><div class=\"fusion-layout-column fusion_builder_column fusion-builder-column-0 fusion_builder_column_1_1 1_1 fusion-one-full fusion-column-first fusion-column-last\" style=\"--awb-bg-size:cover;--awb-margin-bottom:0px;\"><div class=\"fusion-column-wrapper fusion-flex-column-wrapper-legacy\"><div class=\"fusion-text fusion-text-1\"><p>Die Cookie-Erkl\u00e4rung wurde am 04.12.2019 aktualisiert.<\/p>\n<\/div><div class=\"fusion-clearfix\"><\/div><\/div><\/div><div class=\"fusion-layout-column fusion_builder_column fusion-builder-column-1 fusion_builder_column_1_1 1_1 fusion-one-full fusion-column-first fusion-column-last\" style=\"--awb-bg-size:cover;--awb-margin-bottom:0px;\"><div class=\"fusion-column-wrapper fusion-flex-column-wrapper-legacy\"><div class=\"fusion-text fusion-text-2\"><p><strong>Wir verwenden nur notwendige Cookies, um Inhalte zu personalisieren.<\/strong><\/p>\n<p class=\"CookieDeclarationDialogText\"><strong>Cookies<\/strong> sind Textdateien, die der Browser beim Aufrufen einer Webseite auf dem Computer des Besuchers ablegt. Sie speichern Daten \u00fcber den Besuch von Websites und erh\u00f6hen damit deren Benutzerfreundlichkeit.<\/p>\n<p class=\"CookieDeclarationDialogText\"><strong>Technisch notwendige Cookies<\/strong> sind Cookies, die f\u00fcr die Funktionen einer Website zwingend erforderlich sind. Sie d\u00fcrfen laut EU-Cookie-Richtlinie ungefragt gespeichert werden.<\/p>\n<p class=\"CookieDeclarationDialogText\"><strong>Technisch nicht notwendige Cookies <\/strong>sind Cookies, die nicht allein der Funktionsf\u00e4higkeit der Website dienen, sondern auch andere Daten erheben (z.B. Tracking-Cookies, Cookies von Social-Media-Websites).\u00a0 F\u00fcr Sie muss der Website-Anbieter vom Website-Besucher vor der Speicherung eine Einwilligung einholen. Die Einwilligung ist jederzeit \u00e4nderbar.<\/p>\n<p>Erfahren Sie in unserer <a href=\"https:\/\/muehlingen.de\/?page_id=265\">Datenschutzerkl\u00e4rung<\/a> mehr dar\u00fcber, wer wir sind, wie Sie uns kontaktieren k\u00f6nnen und wie wir personenbezogene Daten verarbeiten.<\/p>\n<\/div><div class=\"fusion-clearfix\"><\/div><\/div><\/div><div class=\"fusion-layout-column fusion_builder_column fusion-builder-column-2 fusion_builder_column_1_1 1_1 fusion-one-full fusion-column-first fusion-column-last\" style=\"--awb-padding-left:;--awb-bg-color:rgba(255,255,255,0.2);--awb-bg-color-hover:rgba(255,255,255,0.2);--awb-bg-size:cover;--awb-border-color:rgba(0,0,0,0.6);--awb-border-style:solid;--awb-margin-top:5%;--awb-margin-bottom:0px;\"><div class=\"fusion-column-wrapper fusion-column-has-shadow fusion-flex-column-wrapper-legacy\"><div class=\"fusion-title title fusion-title-1 fusion-sep-none fusion-title-text fusion-title-size-two\" style=\"--awb-margin-top-small:0px;--awb-margin-right-small:0px;--awb-margin-bottom-small:20px;--awb-margin-left-small:0px;\"><h2 class=\"fusion-title-heading title-heading-left fusion-responsive-typography-calculated\" style=\"margin:0;--fontSize:24;line-height:1.5;\">Diese Website verwendet folgende Cookies<\/h2><\/div><div class=\"fusion-clearfix\"><\/div><\/div><\/div><div class=\"fusion-layout-column fusion_builder_column fusion-builder-column-3 fusion_builder_column_1_1 1_1 fusion-one-full fusion-column-first fusion-column-last\" style=\"--awb-padding-top:1%;--awb-padding-right:1%;--awb-padding-bottom:1%;--awb-padding-left:1%;--awb-bg-color:rgba(255,255,255,0.2);--awb-bg-color-hover:rgba(255,255,255,0.2);--awb-bg-size:cover;--awb-border-color:rgba(0,0,0,0.6);--awb-border-top:1px;--awb-border-right:1px;--awb-border-bottom:1px;--awb-border-left:1px;--awb-border-style:solid;\"><div class=\"fusion-column-wrapper fusion-column-has-shadow fusion-flex-column-wrapper-legacy\"><div class=\"fusion-text fusion-text-3\"><p><strong>Notwendige Cookies<br \/>\n<\/strong>Diese Cookies sind f\u00fcr die Funktionen einer Website zwingend erforderlich. Sie d\u00fcrfen laut EU-Cookie-Richtlinie ungefragt gespeichert werden.<br \/>\n<strong>Eine \u00c4nderung der Einwilligung f\u00fcr notwendige Cookies ist nicht m\u00f6glich.<\/strong><\/p>\n<\/div>\n<div class=\"table-1\">\n<table width=\"100%\">\n<thead>\n<tr>\n<th align=\"left\">Cookie Name<\/th>\n<th align=\"left\">Anbieter<\/th>\n<th align=\"left\">Zweck<\/th>\n<th align=\"left\">Speicherdauer<\/th>\n<th align=\"left\">Cookie Typ<\/th>\n<\/tr>\n<\/thead>\n<tbody>\n<tr>\n<td align=\"left\">privacy_embed<\/td>\n<td align=\"left\">theme fusion<\/td>\n<td align=\"left\">Speichert den Zustimmungsstatus des Benutzers f\u00fcr Cookies auf der aktuellen Dom\u00e4ne.<\/td>\n<td align=\"left\">1 Jahr<\/td>\n<td align=\"left\">HTTP Cookie<\/td>\n<\/tr>\n<\/tbody>\n<\/table>\n<\/div>\n<div class=\"fusion-clearfix\"><\/div><\/div><\/div><div class=\"fusion-layout-column fusion_builder_column fusion-builder-column-4 fusion_builder_column_1_1 1_1 fusion-one-full fusion-column-first fusion-column-last\" style=\"--awb-bg-size:cover;--awb-margin-top:5%;\"><div class=\"fusion-column-wrapper fusion-column-has-shadow fusion-flex-column-wrapper-legacy\"><div class=\"fusion-title title fusion-title-2 fusion-sep-none fusion-title-text fusion-title-size-two\" style=\"--awb-margin-top-small:0px;--awb-margin-right-small:0px;--awb-margin-bottom-small:20px;--awb-margin-left-small:0px;\"><h2 class=\"fusion-title-heading title-heading-left fusion-responsive-typography-calculated\" style=\"margin:0;--fontSize:24;line-height:1.5;\">\u00c4nderung der Cookie-Einwilligung<\/h2><\/div><div class=\"fusion-text fusion-text-4\"><p>Eine \u00c4nderung der Einwilligung f\u00fcr notwendige Cookies ist nicht m\u00f6glich.<\/p>\n<\/div><div class=\"fusion-clearfix\"><\/div><\/div><\/div><\/div><\/div>\n","protected":false},"excerpt":{"rendered":"","protected":false},"author":1,"featured_media":0,"parent":0,"menu_order":0,"comment_status":"closed","ping_status":"closed","template":"","meta":{"footnotes":""},"class_list":["post-3125","page","type-page","status-publish","hentry"],"publishpress_future_action":{"enabled":false,"date":"2026-05-08 11:51:06","action":"change-status","newStatus":"draft","terms":[],"taxonomy":"","extraData":[]},"publishpress_future_workflow_manual_trigger":{"enabledWorkflows":[]},"_links":{"self":[{"href":"https:\/\/muehlingen.de\/index.php?rest_route=\/wp\/v2\/pages\/3125","targetHints":{"allow":["GET"]}}],"collection":[{"href":"https:\/\/muehlingen.de\/index.php?rest_route=\/wp\/v2\/pages"}],"about":[{"href":"https:\/\/muehlingen.de\/index.php?rest_route=\/wp\/v2\/types\/page"}],"author":[{"embeddable":true,"href":"https:\/\/muehlingen.de\/index.php?rest_route=\/wp\/v2\/users\/1"}],"replies":[{"embeddable":true,"href":"https:\/\/muehlingen.de\/index.php?rest_route=%2Fwp%2Fv2%2Fcomments&post=3125"}],"version-history":[{"count":11,"href":"https:\/\/muehlingen.de\/index.php?rest_route=\/wp\/v2\/pages\/3125\/revisions"}],"predecessor-version":[{"id":3348,"href":"https:\/\/muehlingen.de\/index.php?rest_route=\/wp\/v2\/pages\/3125\/revisions\/3348"}],"wp:attachment":[{"href":"https:\/\/muehlingen.de\/index.php?rest_route=%2Fwp%2Fv2%2Fmedia&parent=3125"}],"curies":[{"name":"wp","href":"https:\/\/api.w.org\/{rel}","templated":true}]}}