{"id":4874,"date":"2021-10-28T15:49:54","date_gmt":"2021-10-28T13:49:54","guid":{"rendered":"https:\/\/muehlingen.de\/?page_id=4874"},"modified":"2021-10-28T21:54:29","modified_gmt":"2021-10-28T19:54:29","slug":"landwirtschaft","status":"publish","type":"page","link":"https:\/\/muehlingen.de\/?page_id=4874","title":{"rendered":"Landwirtschaft"},"content":{"rendered":"<div class=\"fusion-fullwidth fullwidth-box fusion-builder-row-1 fusion-flex-container nonhundred-percent-fullwidth non-hundred-percent-height-scrolling\" style=\"--awb-border-radius-top-left:0px;--awb-border-radius-top-right:0px;--awb-border-radius-bottom-right:0px;--awb-border-radius-bottom-left:0px;--awb-flex-wrap:wrap;\" ><div class=\"fusion-builder-row fusion-row fusion-flex-align-items-flex-start fusion-flex-content-wrap\" style=\"max-width:1664px;margin-left: calc(-4% \/ 2 );margin-right: calc(-4% \/ 2 );\"><div class=\"fusion-layout-column fusion_builder_column fusion-builder-column-0 fusion_builder_column_1_1 1_1 fusion-flex-column\" style=\"--awb-bg-size:cover;--awb-width-large:100%;--awb-margin-top-large:0px;--awb-spacing-right-large:1.92%;--awb-margin-bottom-large:20px;--awb-spacing-left-large:1.92%;--awb-width-medium:100%;--awb-order-medium:0;--awb-spacing-right-medium:1.92%;--awb-spacing-left-medium:1.92%;--awb-width-small:100%;--awb-order-small:0;--awb-spacing-right-small:1.92%;--awb-spacing-left-small:1.92%;\"><div class=\"fusion-column-wrapper fusion-column-has-shadow fusion-flex-justify-content-flex-start fusion-content-layout-column\"><div class=\"fusion-text fusion-text-1\"><h5 data-fontsize=\"12\" data-lineheight=\"18px\" class=\"fusion-responsive-typography-calculated\" style=\"--fontSize:12; line-height: 1.5; --minFontSize:12;\">Land- oder Forstwirte, die durch Wild Sch\u00e4den an Frucht\/B\u00e4ume erleiden, k\u00f6nnen bei Bedarf einen Wildschadensch\u00e4tzer hinzu ziehen.<\/h5>\n<p>Diese Kontakte gelten nicht bei Wildsch\u00e4den an Fahrzeugen.<\/p>\n<h5 data-fontsize=\"12\" data-lineheight=\"18px\" class=\"fusion-responsive-typography-calculated\" style=\"--fontSize:12; line-height: 1.5; --minFontSize:12;\">Wildschadensch\u00e4tzer nach \u00a7 57 Abs. 4 JWMG im Landkreis Konstanz (Stand: 20.04.2021) <span style=\"color: #ff0000;\"><a style=\"color: #ff0000;\" href=\"https:\/\/muehlingen.de\/wordpress_01\/wp-content\/uploads\/Wildschadenschaetzer-Landwirtschaft-28.10.2021.pdf\">(klick)<\/a><\/span><\/h5>\n<\/div><\/div><\/div><\/div><\/div>\n","protected":false},"excerpt":{"rendered":"","protected":false},"author":1,"featured_media":0,"parent":0,"menu_order":0,"comment_status":"closed","ping_status":"closed","template":"","meta":{"footnotes":""},"class_list":["post-4874","page","type-page","status-publish","hentry"],"publishpress_future_action":{"enabled":false,"date":"2026-05-07 08:59:27","action":"change-status","newStatus":"draft","terms":[],"taxonomy":"","extraData":[]},"publishpress_future_workflow_manual_trigger":{"enabledWorkflows":[]},"_links":{"self":[{"href":"https:\/\/muehlingen.de\/index.php?rest_route=\/wp\/v2\/pages\/4874","targetHints":{"allow":["GET"]}}],"collection":[{"href":"https:\/\/muehlingen.de\/index.php?rest_route=\/wp\/v2\/pages"}],"about":[{"href":"https:\/\/muehlingen.de\/index.php?rest_route=\/wp\/v2\/types\/page"}],"author":[{"embeddable":true,"href":"https:\/\/muehlingen.de\/index.php?rest_route=\/wp\/v2\/users\/1"}],"replies":[{"embeddable":true,"href":"https:\/\/muehlingen.de\/index.php?rest_route=%2Fwp%2Fv2%2Fcomments&post=4874"}],"version-history":[{"count":4,"href":"https:\/\/muehlingen.de\/index.php?rest_route=\/wp\/v2\/pages\/4874\/revisions"}],"predecessor-version":[{"id":4881,"href":"https:\/\/muehlingen.de\/index.php?rest_route=\/wp\/v2\/pages\/4874\/revisions\/4881"}],"wp:attachment":[{"href":"https:\/\/muehlingen.de\/index.php?rest_route=%2Fwp%2Fv2%2Fmedia&parent=4874"}],"curies":[{"name":"wp","href":"https:\/\/api.w.org\/{rel}","templated":true}]}}