{"id":6436,"date":"2023-03-14T16:11:57","date_gmt":"2023-03-14T15:11:57","guid":{"rendered":"https:\/\/muehlingen.de\/?page_id=6436"},"modified":"2026-04-16T16:40:43","modified_gmt":"2026-04-16T14:40:43","slug":"ortsrecht","status":"publish","type":"page","link":"https:\/\/muehlingen.de\/?page_id=6436","title":{"rendered":"Ortsrecht Satzungen"},"content":{"rendered":"<div class=\"fusion-fullwidth fullwidth-box fusion-builder-row-1 fusion-flex-container has-pattern-background has-mask-background nonhundred-percent-fullwidth non-hundred-percent-height-scrolling\" style=\"--awb-border-radius-top-left:0px;--awb-border-radius-top-right:0px;--awb-border-radius-bottom-right:0px;--awb-border-radius-bottom-left:0px;--awb-flex-wrap:wrap;\" ><div class=\"fusion-builder-row fusion-row fusion-flex-align-items-flex-start fusion-flex-content-wrap\" style=\"max-width:1664px;margin-left: calc(-4% \/ 2 );margin-right: calc(-4% \/ 2 );\"><div class=\"fusion-layout-column fusion_builder_column fusion-builder-column-0 fusion_builder_column_1_1 1_1 fusion-flex-column\" style=\"--awb-bg-color:var(--awb-custom_color_1);--awb-bg-color-hover:var(--awb-custom_color_1);--awb-bg-image:linear-gradient(180deg, var(--awb-custom_color_1) 0%,rgba(255,255,255,0) 100%);--awb-bg-size:cover;--awb-width-large:100%;--awb-margin-top-large:0px;--awb-spacing-right-large:1.92%;--awb-margin-bottom-large:20px;--awb-spacing-left-large:1.92%;--awb-width-medium:100%;--awb-order-medium:0;--awb-spacing-right-medium:1.92%;--awb-spacing-left-medium:1.92%;--awb-width-small:100%;--awb-order-small:0;--awb-spacing-right-small:1.92%;--awb-spacing-left-small:1.92%;\"><div class=\"fusion-column-wrapper fusion-column-has-shadow fusion-flex-justify-content-flex-start fusion-content-layout-column\"><div class=\"fusion-text fusion-text-1\" style=\"--awb-text-color:var(--awb-color1);\"><p><span style=\"color: #ffffff;\"><strong>Zu den Inhalten bitte die Satzung anklicken:<\/strong><\/span><\/p>\n<hr>\n<p><span style=\"color: #ffffff;\"><a style=\"color: #ffffff;\" href=\"https:\/\/muehlingen.de\/wordpress_01\/wp-content\/uploads\/Abfallwirtschaftssatzung-14.02.2025.pdf\"><span style=\"color: #ffffff;\">A<\/span><\/a><a style=\"color: #ffffff;\" href=\"https:\/\/muehlingen.de\/wordpress_01\/wp-content\/uploads\/Abfallwirtschaftssatzung-14.02.2025.pdf\">bfallwirtschaftssatzung 14.02.2025<\/a><\/span><\/p>\n<p><span style=\"color: #ffffff;\"><a style=\"color: #ffffff;\" href=\"https:\/\/muehlingen.de\/wordpress_01\/wp-content\/uploads\/Abwassersatzung-Ausfertigung.pdf\">Abwassersatzung<\/a><\/span><\/p>\n<p><span style=\"color: #ffffff;\"><a style=\"color: #ffffff;\" href=\"https:\/\/muehlingen.de\/wordpress_01\/wp-content\/uploads\/Amtsblatt-Gemeinde-Muehlingen-Redaktionsstatuten-1.pdf\">Amtsblatt Gemeinde M\u00fchlingen &#8211; Redaktionsstatuten<\/a><\/span><\/p>\n<p><span style=\"color: #ffffff;\"><a style=\"color: #ffffff;\" href=\"https:\/\/muehlingen.de\/wordpress_01\/wp-content\/uploads\/2006_03_07-AufwE-OV-Aenderung.doc.pdf\">Aufwandsentsc<\/a><a style=\"color: #ffffff;\" href=\"https:\/\/muehlingen.de\/wordpress_01\/wp-content\/uploads\/2006_03_07-AufwE-OV-Aenderung.doc.pdf\">h\u00e4digung OV<\/a><\/span><\/p>\n<p><span style=\"color: #ffffff;\"><a style=\"color: #ffffff;\" href=\"https:\/\/muehlingen.de\/wordpress_01\/wp-content\/uploads\/Bekanntmachungssatzung-der-Gemeinde-Muehlingen-Amtsblatt.pdf\">Bekanntmachungssatzung<\/a><\/span><\/p>\n<p><span style=\"color: #ffffff;\"><a style=\"color: #ffffff;\" href=\"https:\/\/muehlingen.de\/wordpress_01\/wp-content\/uploads\/Benutzungsordnung-fuer-die-Mehrzweckhallen-und-Gemeindesaele-der-Gemeinde-Muehlingen.pdf\">Benutzungsordnung f\u00fcr die Mehrzweckhallen und Gemeindes\u00e4le<\/a><\/span><\/p>\n<p><span style=\"color: #ffffff;\"><a style=\"color: #ffffff;\" href=\"https:\/\/muehlingen.de\/wordpress_01\/wp-content\/uploads\/Benutzungs-und-Gebuehrenordnung-Schlachthaus-Gallsmannsweil.pdf\">Benutzungs- und Geb\u00fchrenordnung Schlachthaus Gallmannsweil<\/a><\/span><\/p>\n<p><span style=\"color: #ffffff;\"><a style=\"color: #ffffff;\" href=\"https:\/\/muehlingen.de\/wordpress_01\/wp-content\/uploads\/Satzung-zur-Aenderung-der-Satzung-ueber-die-Benutzung-von-Obdachlosen-und-Fluechtlingsunterkuenften.pdf\">Benutzung von Obdachlosen- und Fl\u00fcchtlingsunterk\u00fcnften<\/a> &#8211; <span style=\"font-family: var(--awb-text-font-family); font-size: var(--awb-font-size); font-style: var(--awb-text-font-style); font-weight: var(--awb-text-font-weight); letter-spacing: var(--awb-letter-spacing); text-align: var(--awb-content-alignment); text-transform: var(--awb-text-transform); background-color: var(--awb-bg-color-hover);\">Satzung zur \u00c4nderung der Satzung<\/span><\/span><\/p>\n<p><span style=\"color: #ffffff;\"><a style=\"color: #ffffff;\" href=\"https:\/\/muehlingen.de\/wordpress_01\/wp-content\/uploads\/2019-09-17-Entschaedigung-ehrenamtl.-Taetigkeit.pdf\">Entsch\u00e4digung ehrenamtlicher T\u00e4tigkeit<\/a><\/span><\/p>\n<p><span style=\"color: #ffffff;\"><a style=\"color: #ffffff;\" href=\"https:\/\/muehlingen.de\/wordpress_01\/wp-content\/uploads\/Erschliessungsbeitragssatzung-Muehlingen.pdf\">Erschlie\u00dfungsbeitragssatzung<\/a><\/span><\/p>\n<p><span style=\"color: #ffffff;\"><a style=\"color: #ffffff;\" href=\"https:\/\/muehlingen.de\/wordpress_01\/wp-content\/uploads\/2024-04-24-Satzung_ueber_die_Entschaedigung_der_ehrenamtlich_taetigen_Angehoerigen_der_Gemeindefeuerwehr_nach__16_FwG__FwES_-FW-Muehlingen.pdf\">Entsch\u00e4digung ehrenamtlich t\u00e4tige Angeh\u00f6rige G<span style=\"color: #ffffff;\">emeindefeuerwehr 16 FwG <\/span><\/a><a style=\"color: #ffffff;\" href=\"https:\/\/muehlingen.de\/wordpress_01\/wp-content\/uploads\/2024-04-24-Satzung_ueber_die_Entschaedigung_der_ehrenamtlich_taetigen_Angehoerigen_der_Gemeindefeuerwehr_nach__16_FwG__FwES_-FW-Muehlingen.pdf\">FwES<\/a><\/span><\/p>\n<p><span style=\"color: #ffffff;\"><a style=\"color: #ffffff;\" href=\"https:\/\/muehlingen.de\/wordpress_01\/wp-content\/uploads\/Feuerwehrsatzung-Ausfertigung.pdf\">Feuerwehrsatzung Ausfertigung<\/a><\/span><\/p>\n<p><span style=\"color: #ffffff;\"><a style=\"color: #ffffff;\" href=\"https:\/\/muehlingen.de\/wordpress_01\/wp-content\/uploads\/Satzung-Feuerwehr-Kostenersatz-Stand-2022.pdf\">Feuerwehr Kostenersatz<\/a> &#8211; <a style=\"font-family: var(--awb-text-font-family); font-size: var(--awb-font-size); font-style: var(--awb-text-font-style); font-weight: var(--awb-text-font-weight); letter-spacing: var(--awb-letter-spacing); text-align: var(--awb-content-alignment); text-transform: var(--awb-text-transform); background-color: var(--awb-bg-color-hover); color: #ffffff;\" href=\"https:\/\/muehlingen.de\/wordpress_01\/wp-content\/uploads\/Aenderungssatzung-Fwks-Bekanntmachung-04-24-HP-1.pdf\">\u00c4nderungssatzung Feuerwehr Kostenersatz 04-24<\/a><\/span><\/p>\n<p><span style=\"color: #ffffff;\"><a style=\"color: #ffffff;\" href=\"https:\/\/muehlingen.de\/wordpress_01\/wp-content\/uploads\/20180417-Friedhofssatzung_Bekannt.pdf\">Friedhofssatzung 17.04.2018<\/a><\/span><\/p>\n<p><span style=\"color: #ffffff;\"><a style=\"color: #ffffff;\" href=\"https:\/\/muehlingen.de\/wordpress_01\/wp-content\/uploads\/Friedhofssatzung-10.2023-1.pdf\">Friedhofssatzung \u00c4nderung 10.2023 &#8211; Urnengr\u00e4ber angepasst<\/a><\/span><\/p>\n<p><span style=\"color: #ffffff;\"><a style=\"color: #ffffff;\" href=\"https:\/\/muehlingen.de\/wordpress_01\/wp-content\/uploads\/20240523-Aenderungssatzung.pdf\">Friedhofssatzung \u00c4nderung 05.2024 &#8211; Bestattungskosten angepasst<\/a><\/span><\/p>\n<p><span style=\"color: #ffffff;\"><a style=\"color: #ffffff;\" href=\"https:\/\/muehlingen.de\/wordpress_01\/wp-content\/uploads\/Anlage-1-Gebuehrensatzung-GGA-ab-01.09.2024.pdf\">Gutachterausschussgeb\u00fchrensatzung (GAA) ab 01.09.2024<\/a><\/span><\/p>\n<p><span style=\"color: #ffffff;\"><a style=\"color: #ffffff;\" href=\"https:\/\/muehlingen.de\/wordpress_01\/wp-content\/uploads\/2020-11-24-Hauptsatzung.pdf\">Hauptsatzung<\/a><\/span><\/p>\n<p><span style=\"color: #ffffff;\"><a style=\"color: #ffffff;\" href=\"https:\/\/muehlingen.de\/wordpress_01\/wp-content\/uploads\/Druck-HH-Plan-Gesamt.pdf\">Haushaltsplan 2026 Gesamt<\/a><\/span><\/p>\n<p><span style=\"color: #ffffff;\"><a style=\"color: #ffffff;\" href=\"https:\/\/muehlingen.de\/wordpress_01\/wp-content\/uploads\/Hundesteuersatzung-2023-1.pdf\">Hundesteuersatzung<\/a><\/span><\/p>\n<p><span style=\"color: #ffffff;\"><a style=\"color: #ffffff;\" href=\"https:\/\/muehlingen.de\/wordpress_01\/wp-content\/uploads\/Polizeiverordnung-Neufassung-2007.pdf\">Polizeiverordnung<\/a><\/span><\/p>\n<p><span style=\"color: #ffffff;\"><a style=\"color: #ffffff;\" href=\"https:\/\/muehlingen.de\/wordpress_01\/wp-content\/uploads\/Satzung-ueber-die-Entsorgung-von-Kleinklaeranlagen.pdf\">Satzung \u00fcber die Entsorgung von Kleinkl\u00e4ranlagen und <span style=\"color: #ffffff;\">geschlossenen Gruben der Gemeinde M\u00fchlingen<\/span><\/a><\/span><\/p>\n<p><span style=\"color: #ffffff;\"><a style=\"color: #ffffff;\" href=\"https:\/\/muehlingen.de\/wordpress_01\/wp-content\/uploads\/1989_12_19-Streupflichtsatzung.pdf\">Verpflichtung der Stra\u00dfenanlieger zum Reinigen, Schneer\u00e4umen<br \/>und Bestreuen der Gehwege<\/a><\/span><\/p>\n<p><span style=\"color: #ffffff;\"><a style=\"color: #ffffff;\" href=\"https:\/\/muehlingen.de\/wordpress_01\/wp-content\/uploads\/Vereinsfoerderung-Richtlinie-2022.pdf\">Vereinsf\u00f6rderung &#8211; Richtlinie 2022<\/a><\/span><\/p>\n<p><span style=\"color: #ffffff;\"><a style=\"color: #ffffff;\" href=\"https:\/\/muehlingen.de\/wordpress_01\/wp-content\/uploads\/Verwaltungsgebuehrensatzung-2002_04_09.pdf\"><span style=\"color: #ffffff;\">Verwaltungsgeb\u00fchrensatzun<\/span>g<\/a><\/span><\/p>\n<p><span style=\"color: #ffffff;\"><a style=\"color: #ffffff;\" href=\"https:\/\/muehlingen.de\/wordpress_01\/wp-content\/uploads\/Wasserversorgungssatzung.pdf\">Wasserversorgungssatzung<\/a><\/span><\/p>\n<\/div><\/div><\/div><\/div><\/div>\n","protected":false},"excerpt":{"rendered":"","protected":false},"author":1,"featured_media":0,"parent":0,"menu_order":0,"comment_status":"closed","ping_status":"closed","template":"","meta":{"footnotes":""},"class_list":["post-6436","page","type-page","status-publish","hentry"],"publishpress_future_action":{"enabled":false,"date":"2026-05-07 22:06:45","action":"change-status","newStatus":"draft","terms":[],"taxonomy":"","extraData":[]},"publishpress_future_workflow_manual_trigger":{"enabledWorkflows":[]},"_links":{"self":[{"href":"https:\/\/muehlingen.de\/index.php?rest_route=\/wp\/v2\/pages\/6436","targetHints":{"allow":["GET"]}}],"collection":[{"href":"https:\/\/muehlingen.de\/index.php?rest_route=\/wp\/v2\/pages"}],"about":[{"href":"https:\/\/muehlingen.de\/index.php?rest_route=\/wp\/v2\/types\/page"}],"author":[{"embeddable":true,"href":"https:\/\/muehlingen.de\/index.php?rest_route=\/wp\/v2\/users\/1"}],"replies":[{"embeddable":true,"href":"https:\/\/muehlingen.de\/index.php?rest_route=%2Fwp%2Fv2%2Fcomments&post=6436"}],"version-history":[{"count":56,"href":"https:\/\/muehlingen.de\/index.php?rest_route=\/wp\/v2\/pages\/6436\/revisions"}],"predecessor-version":[{"id":8666,"href":"https:\/\/muehlingen.de\/index.php?rest_route=\/wp\/v2\/pages\/6436\/revisions\/8666"}],"wp:attachment":[{"href":"https:\/\/muehlingen.de\/index.php?rest_route=%2Fwp%2Fv2%2Fmedia&parent=6436"}],"curies":[{"name":"wp","href":"https:\/\/api.w.org\/{rel}","templated":true}]}}